{"id":427,"date":"2013-05-31T18:45:06","date_gmt":"2013-05-31T18:45:06","guid":{"rendered":"http:\/\/itnews.ma\/SINTRAM\/?page_id=427"},"modified":"2013-07-11T23:37:15","modified_gmt":"2013-07-11T23:37:15","slug":"notre-systeme-qualite","status":"publish","type":"page","link":"https:\/\/www.sintram.co.ma\/?page_id=427","title":{"rendered":"Notre Syst\u00e8me de Management de la Qualit\u00e9"},"content":{"rendered":"<h2 style=\"text-align: left;\" align=\"center\"><span style=\"color: #c24438;\">Le Management de la Qualit\u00e9<\/span><\/h2>\n<blockquote><p>Conscient de l\u2019importance de la Qualit\u00e9 dans les processus de construction des travaux publics, le Management de SINTRAM a fait de la ma\u00eetrise de la Qualit\u00e9 son cr\u00e9do.<\/p><\/blockquote>\n<p>C\u2019est une d\u00e9marche volontaire de la Direction G\u00e9n\u00e9rale de la soci\u00e9t\u00e9 qui\u00a0 s\u2019inscrit\u00a0 dans le cadre d\u2019une vision strat\u00e9gique de d\u00e9veloppement de l\u2019entreprise, faisant de la satisfaction de nos clients un objectif primordial.<\/p>\n<p>Pour ce faire, un ensemble de proc\u00e9dures manag\u00e9riales, aux normes internationales conformes au r\u00e9f\u00e9rentiel ISO 9001, est mis en place en vue de ma\u00eetriser l\u2019organisation de la soci\u00e9t\u00e9 et de mobiliser ses propres moyens humains\u00a0 et mat\u00e9riels et aussi ceux de ses partenaires (fournisseurs et prestataires) pour assurer la qualit\u00e9 requise et le respect des d\u00e9lais dans les projets qui nous sont confi\u00e9s<\/p>\n<p>Ce syst\u00e8me est mis en \u0153uvre par un management de haut niveau, fortement motiv\u00e9, \u00e0 l\u2019\u00e9coute des attentes de nos clients, et qui veille \u00e0\u00a0 l\u2019am\u00e9lioration continue de nos processus de production comme ceux des fonctions supports.<\/p>\n<p>Sur les chantiers, le contr\u00f4le qualit\u00e9 des travaux s\u2019appuie sur la mise en \u0153uvre des plans d\u2019assurance qualit\u00e9(PAQ) de niveau 3.<\/p>\n<p>Pour le management de SINTRAM, le syst\u00e8me de management qualit\u00e9, outre la maitrise de la qualit\u00e9 au sens large qu\u2019il vise \u00e0 assurer, est aussi un instrument de la comp\u00e9titivit\u00e9 de l\u2019entreprise.<\/p>\n<p><b> Les valeurs ajout\u00e9es de notre syst\u00e8me management qualit\u00e9<\/b><\/p>\n<div class=\"star_list\"><\/p>\n<ul>\n<ul>\n<li>Organisation standardis\u00e9e selon une norme internationale<\/li>\n<li>Organisation claire de l\u2019entreprise d\u00e9finissant les responsabilit\u00e9s et les engagements de chacun<\/li>\n<li>Ecoute permanente de nos clients<\/li>\n<li>Levier f\u00e9d\u00e9rateur sur des objectifs communs<\/li>\n<li>Support efficace pour l\u2019am\u00e9lioration continue et la p\u00e9rennit\u00e9 de notre organisme.<\/li>\n<\/ul>\n<\/ul>\n<p><\/div>\n<p><img loading=\"lazy\" class=\"alignleft size-full wp-image-1251\" alt=\"\" src=\"http:\/\/www.sintram.co.ma\/wp-content\/uploads\/2013\/05\/Quali\u00e9.png\" width=\"960\" height=\"400\" srcset=\"https:\/\/www.sintram.co.ma\/wp-content\/uploads\/2013\/05\/Quali\u00e9.png 960w, https:\/\/www.sintram.co.ma\/wp-content\/uploads\/2013\/05\/Quali\u00e9-300x125.png 300w\" sizes=\"(max-width: 960px) 100vw, 960px\" \/><\/p>\n","protected":false},"excerpt":{"rendered":"<p>Le Management de la Qualit\u00e9 Conscient de l\u2019importance de la Qualit\u00e9 dans les processus de construction des travaux publics, le Management de SINTRAM a fait de la ma\u00eetrise de la Qualit\u00e9 son cr\u00e9do. C\u2019est une d\u00e9marche volontaire de la Direction G\u00e9n\u00e9rale de la soci\u00e9t\u00e9 qui\u00a0 s\u2019inscrit\u00a0 dans le cadre d\u2019une vision strat\u00e9gique de d\u00e9veloppement de<\/p>\n","protected":false},"author":1,"featured_media":1251,"parent":0,"menu_order":0,"comment_status":"open","ping_status":"open","template":"","meta":[],"_links":{"self":[{"href":"https:\/\/www.sintram.co.ma\/index.php?rest_route=\/wp\/v2\/pages\/427"}],"collection":[{"href":"https:\/\/www.sintram.co.ma\/index.php?rest_route=\/wp\/v2\/pages"}],"about":[{"href":"https:\/\/www.sintram.co.ma\/index.php?rest_route=\/wp\/v2\/types\/page"}],"author":[{"embeddable":true,"href":"https:\/\/www.sintram.co.ma\/index.php?rest_route=\/wp\/v2\/users\/1"}],"replies":[{"embeddable":true,"href":"https:\/\/www.sintram.co.ma\/index.php?rest_route=%2Fwp%2Fv2%2Fcomments&post=427"}],"version-history":[{"count":13,"href":"https:\/\/www.sintram.co.ma\/index.php?rest_route=\/wp\/v2\/pages\/427\/revisions"}],"predecessor-version":[{"id":1977,"href":"https:\/\/www.sintram.co.ma\/index.php?rest_route=\/wp\/v2\/pages\/427\/revisions\/1977"}],"wp:featuredmedia":[{"embeddable":true,"href":"https:\/\/www.sintram.co.ma\/index.php?rest_route=\/wp\/v2\/media\/1251"}],"wp:attachment":[{"href":"https:\/\/www.sintram.co.ma\/index.php?rest_route=%2Fwp%2Fv2%2Fmedia&parent=427"}],"curies":[{"name":"wp","href":"https:\/\/api.w.org\/{rel}","templated":true}]}}