{"id":395,"date":"2013-05-31T17:54:59","date_gmt":"2013-05-31T17:54:59","guid":{"rendered":"http:\/\/itnews.ma\/SINTRAM\/?page_id=395"},"modified":"2013-06-23T10:39:57","modified_gmt":"2013-06-23T10:39:57","slug":"aeroports","status":"publish","type":"page","link":"https:\/\/www.sintram.co.ma\/?page_id=395","title":{"rendered":"Ports &#038; A\u00e9roports"},"content":{"rendered":"<p>L\u00e0 ou l\u2019impact \u00e9conomique et social est d\u2019envergure, nous nous mettons dans l\u2019obligation d\u2019y contribuer. Les ports et a\u00e9roports sont certes des facilit\u00e9s exigeant des comp\u00e9tences particuli\u00e8res et devant faire face \u00e0 des contraintes particuli\u00e8res. En effet en sus des contraintes g\u00e9ographiques, climatiques et environnementales, d\u2019autres contraintes se rajoutent tel la taille et caract\u00e9ristiques des avions, navires et des trafics, l\u2019importance du trafic des passagers, leur usage militaire ou commercial pour les personnes ou marchandises\u2026<\/p>\n<p>Les contraintes environnementales sont d\u2019autant plus complexes pour les ports puisque la mer est un milieu fortement agit\u00e9 et l\u2019\u00e9nergie lib\u00e9r\u00e9e par les courants, les houles et autres est de nature \u00e0 menacer les ouvrages les plus tenaces.<\/p>\n<p>Que se soit une construction neuve, un r\u00e9am\u00e9nagement ou une r\u00e9habilitation, Sintram dispose des comp\u00e9tences n\u00e9cessaires en vue de r\u00e9aliser ces ouvrages conform\u00e9ment aux standards internationaux en la mati\u00e8re tout en assurant la s\u00e9curit\u00e9 des utilisateurs.<\/p>\n","protected":false},"excerpt":{"rendered":"<p>L\u00e0 ou l\u2019impact \u00e9conomique et social est d\u2019envergure, nous nous mettons dans l\u2019obligation d\u2019y contribuer. Les ports et a\u00e9roports sont certes des facilit\u00e9s exigeant des comp\u00e9tences particuli\u00e8res et devant faire face \u00e0 des contraintes particuli\u00e8res. En effet en sus des contraintes g\u00e9ographiques, climatiques et environnementales, d\u2019autres contraintes se rajoutent tel la taille et caract\u00e9ristiques des<\/p>\n","protected":false},"author":1,"featured_media":0,"parent":0,"menu_order":0,"comment_status":"open","ping_status":"open","template":"","meta":[],"_links":{"self":[{"href":"https:\/\/www.sintram.co.ma\/index.php?rest_route=\/wp\/v2\/pages\/395"}],"collection":[{"href":"https:\/\/www.sintram.co.ma\/index.php?rest_route=\/wp\/v2\/pages"}],"about":[{"href":"https:\/\/www.sintram.co.ma\/index.php?rest_route=\/wp\/v2\/types\/page"}],"author":[{"embeddable":true,"href":"https:\/\/www.sintram.co.ma\/index.php?rest_route=\/wp\/v2\/users\/1"}],"replies":[{"embeddable":true,"href":"https:\/\/www.sintram.co.ma\/index.php?rest_route=%2Fwp%2Fv2%2Fcomments&post=395"}],"version-history":[{"count":2,"href":"https:\/\/www.sintram.co.ma\/index.php?rest_route=\/wp\/v2\/pages\/395\/revisions"}],"predecessor-version":[{"id":1341,"href":"https:\/\/www.sintram.co.ma\/index.php?rest_route=\/wp\/v2\/pages\/395\/revisions\/1341"}],"wp:attachment":[{"href":"https:\/\/www.sintram.co.ma\/index.php?rest_route=%2Fwp%2Fv2%2Fmedia&parent=395"}],"curies":[{"name":"wp","href":"https:\/\/api.w.org\/{rel}","templated":true}]}}