{"id":390,"date":"2013-05-31T17:52:11","date_gmt":"2013-05-31T17:52:11","guid":{"rendered":"http:\/\/itnews.ma\/SINTRAM\/?page_id=390"},"modified":"2013-06-30T22:26:47","modified_gmt":"2013-06-30T22:26:47","slug":"exploitation-des-carrieres","status":"publish","type":"page","link":"https:\/\/www.sintram.co.ma\/?page_id=390","title":{"rendered":"Concassage"},"content":{"rendered":"<p style=\"text-align: justify;\"><div id=\"new-royalslider-7\" class=\"royalSlider new-royalslider-7 rsDefaultInv visibleNearbySimple\" style=\"width:100%; height:300px;\"><div class=\"rsContent\">\n  <img class=\"rsImg\" src=\"https:\/\/www.sintram.co.ma\/wp-content\/uploads\/2013\/06\/dsc0077.png\" alt=\"dsc0077\"\/>\n  \n  \n  \n<\/div><div class=\"rsContent\">\n  <img class=\"rsImg\" src=\"https:\/\/www.sintram.co.ma\/wp-content\/uploads\/2013\/06\/dsc0083.png\" alt=\"dsc0083\"\/>\n  \n  \n  \n<\/div><div class=\"rsContent\">\n  <img class=\"rsImg\" src=\"https:\/\/www.sintram.co.ma\/wp-content\/uploads\/2013\/07\/photo-16-1024x768.jpg\" alt=\"photo-16\"\/>\n  \n  \n  \n<\/div><div class=\"rsContent\">\n  <img class=\"rsImg\" src=\"https:\/\/www.sintram.co.ma\/wp-content\/uploads\/2013\/06\/dsc0116.png\" alt=\"dsc0116\"\/>\n  \n  \n  \n<\/div><div class=\"rsContent\">\n  <img class=\"rsImg\" src=\"https:\/\/www.sintram.co.ma\/wp-content\/uploads\/2013\/06\/dsc0120.png\" alt=\"dsc0120\"\/>\n  \n  \n  \n<\/div><div class=\"rsContent\">\n  <img class=\"rsImg\" src=\"https:\/\/www.sintram.co.ma\/wp-content\/uploads\/2013\/06\/dsc01212.png\" alt=\"dsc0121\"\/>\n  \n  \n  \n<\/div><div class=\"rsContent\">\n  <img class=\"rsImg\" src=\"https:\/\/www.sintram.co.ma\/wp-content\/uploads\/2013\/06\/dsc01232.png\" alt=\"dsc0123\"\/>\n  \n  \n  \n<\/div><div class=\"rsContent\">\n  <img class=\"rsImg\" src=\"https:\/\/www.sintram.co.ma\/wp-content\/uploads\/2013\/07\/photo-14.jpg\" alt=\"photo-14\"\/>\n  \n  \n  \n<\/div><div class=\"rsContent\">\n  <img class=\"rsImg\" src=\"https:\/\/www.sintram.co.ma\/wp-content\/uploads\/2013\/07\/photo-15-1024x768.jpg\" alt=\"photo-15\"\/>\n  \n  \n  \n<\/div><\/div><\/p>\n<blockquote>\n<p style=\"text-align: justify;\">Des routes, autoroutes aux ponts, barrages\u00a0 ou viaducs, jusqu\u2019\u00e0 certains composants de drainages\u00a0 ou filtration &#8230; tout commence dans une carri\u00e8re.<\/p>\n<\/blockquote>\n<p style=\"text-align: justify;\">Pour construire\u00a0 et am\u00e9nager des ouvrages de g\u00e9nie civile, traiter\u00a0 l\u2019environnement, il nous faut des mat\u00e9riaux comme les granulats, des granulats de qualit\u00e9 conformes aux normes en vigueur.<\/p>\n<p style=\"text-align: justify;\">Tous ces mat\u00e9riaux sont extraits de carri\u00e8res, trait\u00e9s par des centrales de concassage \u2013criblage de derni\u00e8re g\u00e9n\u00e9ration.<\/p>\n<p style=\"text-align: justify;\">Sintram, consciente de sa responsabilit\u00e9 \u00e0 respecter les normes de qualit\u00e9 et d\u2019environnement a investis dans l\u2019acquisition de 13 unit\u00e9s de concassage modernes de 150 \u00e0 220 t\/h en granulats 0\/20.<\/p>\n<p style=\"text-align: justify;\">Nos \u00e9quipes sont des professionnels passionn\u00e9s r\u00e9partis sur tout le territoire, selon les positions de nos projet. Chaque carri\u00e8re est consid\u00e9r\u00e9 comme une entit\u00e9 \u00e0 part.<\/p>\n<p style=\"text-align: justify;\">Comme le transport des mat\u00e9riaux co\u00fbte cher, mieux vaut les produire le plus pr\u00e8s possible des zones o\u00f9 on en a besoin ! \u00c0 proximit\u00e9 des projets, \u00a0d\u2019o\u00f9 la n\u00e9cessit\u00e9 d\u2019avoir des unit\u00e9s de concassage mobiles, facile \u00e0 monter et \u00e0 d\u00e9monter d\u2019un site \u00e0 un autre.<\/p>\n<p style=\"text-align: justify;\">SINTRAM assure donc ses propres besoins en mat\u00e9riaux, et est totalement\u00a0 autonome, ce qui lui permet ais\u00e9ment de respecter ses engagements en termes de qualit\u00e9 et de d\u00e9lais.<\/p>\n","protected":false},"excerpt":{"rendered":"<p>Des routes, autoroutes aux ponts, barrages\u00a0 ou viaducs, jusqu\u2019\u00e0 certains composants de drainages\u00a0 ou filtration &#8230; tout commence dans une carri\u00e8re. Pour construire\u00a0 et am\u00e9nager des ouvrages de g\u00e9nie civile, traiter\u00a0 l\u2019environnement, il nous faut des mat\u00e9riaux comme les granulats, des granulats de qualit\u00e9 conformes aux normes en vigueur. Tous ces mat\u00e9riaux sont extraits de<\/p>\n","protected":false},"author":1,"featured_media":0,"parent":0,"menu_order":0,"comment_status":"open","ping_status":"open","template":"","meta":[],"_links":{"self":[{"href":"https:\/\/www.sintram.co.ma\/index.php?rest_route=\/wp\/v2\/pages\/390"}],"collection":[{"href":"https:\/\/www.sintram.co.ma\/index.php?rest_route=\/wp\/v2\/pages"}],"about":[{"href":"https:\/\/www.sintram.co.ma\/index.php?rest_route=\/wp\/v2\/types\/page"}],"author":[{"embeddable":true,"href":"https:\/\/www.sintram.co.ma\/index.php?rest_route=\/wp\/v2\/users\/1"}],"replies":[{"embeddable":true,"href":"https:\/\/www.sintram.co.ma\/index.php?rest_route=%2Fwp%2Fv2%2Fcomments&post=390"}],"version-history":[{"count":8,"href":"https:\/\/www.sintram.co.ma\/index.php?rest_route=\/wp\/v2\/pages\/390\/revisions"}],"predecessor-version":[{"id":1739,"href":"https:\/\/www.sintram.co.ma\/index.php?rest_route=\/wp\/v2\/pages\/390\/revisions\/1739"}],"wp:attachment":[{"href":"https:\/\/www.sintram.co.ma\/index.php?rest_route=%2Fwp%2Fv2%2Fmedia&parent=390"}],"curies":[{"name":"wp","href":"https:\/\/api.w.org\/{rel}","templated":true}]}}