{"id":388,"date":"2013-05-31T17:50:48","date_gmt":"2013-05-31T17:50:48","guid":{"rendered":"http:\/\/itnews.ma\/SINTRAM\/?page_id=388"},"modified":"2013-07-01T00:10:42","modified_gmt":"2013-07-01T00:10:42","slug":"barrages","status":"publish","type":"page","link":"https:\/\/www.sintram.co.ma\/?page_id=388","title":{"rendered":"Barrages"},"content":{"rendered":"<div id=\"new-royalslider-6\" class=\"royalSlider new-royalslider-6 rsDefaultInv visibleNearbySimple\" style=\"width:100%; height:300px;\"><div class=\"rsContent\">\n  <img class=\"rsImg\" src=\"http:\/\/www.sintram.co.ma\/wp-content\/uploads\/2013\/06\/dsc0059.png\" alt=\"dsc0059\"\/>\n  \n  \n  \n<\/div><div class=\"rsContent\">\n  <img class=\"rsImg\" src=\"http:\/\/www.sintram.co.ma\/wp-content\/uploads\/2013\/06\/dsc0068.png\" alt=\"dsc0068\"\/>\n  \n  \n  \n<\/div><div class=\"rsContent\">\n  <img class=\"rsImg\" src=\"http:\/\/www.sintram.co.ma\/wp-content\/uploads\/2013\/06\/dsc0093.png\" alt=\"dsc0093\"\/>\n  \n  \n  \n<\/div><div class=\"rsContent\">\n  <img class=\"rsImg\" src=\"http:\/\/www.sintram.co.ma\/wp-content\/uploads\/2013\/06\/dsc0103.png\" alt=\"dsc0103\"\/>\n  \n  \n  \n<\/div><div class=\"rsContent\">\n  <img class=\"rsImg\" src=\"http:\/\/www.sintram.co.ma\/wp-content\/uploads\/2013\/06\/dsc0104.png\" alt=\"dsc0104\"\/>\n  \n  \n  \n<\/div><div class=\"rsContent\">\n  <img class=\"rsImg\" src=\"http:\/\/www.sintram.co.ma\/wp-content\/uploads\/2013\/06\/IMG_0026-1024x682.jpg\" alt=\"IMG_0026\"\/>\n  \n  \n  \n<\/div><div class=\"rsContent\">\n  <img class=\"rsImg\" src=\"http:\/\/www.sintram.co.ma\/wp-content\/uploads\/2013\/06\/IMG_0049-1024x682.jpg\" alt=\"IMG_0049\"\/>\n  \n  \n  \n<\/div><div class=\"rsContent\">\n  <img class=\"rsImg\" src=\"http:\/\/www.sintram.co.ma\/wp-content\/uploads\/2013\/06\/IMG_0050-1024x682.jpg\" alt=\"IMG_0050\"\/>\n  \n  \n  \n<\/div><div class=\"rsContent\">\n  <img class=\"rsImg\" src=\"http:\/\/www.sintram.co.ma\/wp-content\/uploads\/2013\/06\/IMG_0059-1024x682.jpg\" alt=\"IMG_0059\"\/>\n  \n  \n  \n<\/div><div class=\"rsContent\">\n  <img class=\"rsImg\" src=\"http:\/\/www.sintram.co.ma\/wp-content\/uploads\/2013\/06\/IMG_0140-1024x682.jpg\" alt=\"IMG_0140\"\/>\n  \n  \n  \n<\/div><div class=\"rsContent\">\n  <img class=\"rsImg\" src=\"http:\/\/www.sintram.co.ma\/wp-content\/uploads\/2013\/06\/IMG_0143-1024x682.jpg\" alt=\"IMG_0143\"\/>\n  \n  \n  \n<\/div><div class=\"rsContent\">\n  <img class=\"rsImg\" src=\"http:\/\/www.sintram.co.ma\/wp-content\/uploads\/2013\/06\/img00322-1024x682.png\" alt=\"img0032\"\/>\n  \n  \n  \n<\/div><div class=\"rsContent\">\n  <img class=\"rsImg\" src=\"http:\/\/www.sintram.co.ma\/wp-content\/uploads\/2013\/06\/img00482-1024x682.png\" alt=\"img0048\"\/>\n  \n  \n  \n<\/div><div class=\"rsContent\">\n  <img class=\"rsImg\" src=\"http:\/\/www.sintram.co.ma\/wp-content\/uploads\/2013\/06\/img00562-1024x682.png\" alt=\"img0056\"\/>\n  \n  \n  \n<\/div><\/div>\n<blockquote><p>R\u00e9serves d\u2019eau, irrigation ou encore hydro\u00e9lectricit\u00e9, des termes qui riment avec la responsabilit\u00e9 environnementale de Sintram et dans lesquelles elle adh\u00e8re tr\u00e8s facilement.<\/p><\/blockquote>\n<p>Le probl\u00e8me de s\u00e8cheresse observ\u00e9 ces derni\u00e8res ann\u00e9es, de raret\u00e9 de la ressource en eau ou encore sa r\u00e9partition in\u00e9quitable font appel \u00e0 d\u2019importants investissements pour pr\u00e9server et en optimiser l\u2019usage. Des investissements dont les impacts sociaux et environnementales ne sont pas des moindres.<\/p>\n<p>Sintram en est sur son deuxi\u00e8me barrage en 2013\u00a0:<\/p>\n<table width=\"390\" border=\"0\" cellspacing=\"0\" cellpadding=\"0\">\n<tbody>\n<tr>\n<td valign=\"top\" width=\"184\"><div class=\"minus_list\">Barrage Oued Martil <\/div><\/td>\n<td valign=\"top\" width=\"206\">Retenue de 120 Millions m<sup>\u00a03 <\/sup>d\u2019eau<\/td>\n<\/tr>\n<tr>\n<td valign=\"top\" width=\"184\"><div class=\"plus_list\">Barrage Oued Zelloul <\/div><\/td>\n<td valign=\"top\" width=\"206\">Retenue de 180 Millions m\u00a0<sup>3\u00a0<\/sup>d\u2019eau<\/td>\n<\/tr>\n<\/tbody>\n<\/table>\n<p>&nbsp;<\/p>\n","protected":false},"excerpt":{"rendered":"<p>R\u00e9serves d\u2019eau, irrigation ou encore hydro\u00e9lectricit\u00e9, des termes qui riment avec la responsabilit\u00e9 environnementale de Sintram et dans lesquelles elle adh\u00e8re tr\u00e8s facilement. Le probl\u00e8me de s\u00e8cheresse observ\u00e9 ces derni\u00e8res ann\u00e9es, de raret\u00e9 de la ressource en eau ou encore sa r\u00e9partition in\u00e9quitable font appel \u00e0 d\u2019importants investissements pour pr\u00e9server et en optimiser l\u2019usage. Des<\/p>\n","protected":false},"author":1,"featured_media":0,"parent":0,"menu_order":0,"comment_status":"open","ping_status":"open","template":"","meta":[],"_links":{"self":[{"href":"https:\/\/www.sintram.co.ma\/index.php?rest_route=\/wp\/v2\/pages\/388"}],"collection":[{"href":"https:\/\/www.sintram.co.ma\/index.php?rest_route=\/wp\/v2\/pages"}],"about":[{"href":"https:\/\/www.sintram.co.ma\/index.php?rest_route=\/wp\/v2\/types\/page"}],"author":[{"embeddable":true,"href":"https:\/\/www.sintram.co.ma\/index.php?rest_route=\/wp\/v2\/users\/1"}],"replies":[{"embeddable":true,"href":"https:\/\/www.sintram.co.ma\/index.php?rest_route=%2Fwp%2Fv2%2Fcomments&post=388"}],"version-history":[{"count":21,"href":"https:\/\/www.sintram.co.ma\/index.php?rest_route=\/wp\/v2\/pages\/388\/revisions"}],"predecessor-version":[{"id":1815,"href":"https:\/\/www.sintram.co.ma\/index.php?rest_route=\/wp\/v2\/pages\/388\/revisions\/1815"}],"wp:attachment":[{"href":"https:\/\/www.sintram.co.ma\/index.php?rest_route=%2Fwp%2Fv2%2Fmedia&parent=388"}],"curies":[{"name":"wp","href":"https:\/\/api.w.org\/{rel}","templated":true}]}}