{"id":346,"date":"2012-10-09T07:40:53","date_gmt":"2012-10-09T07:40:53","guid":{"rendered":"http:\/\/www.demo.purethemes.net\/centum\/?page_id=2"},"modified":"2013-09-25T21:08:58","modified_gmt":"2013-09-25T21:08:58","slug":"sample-page-2","status":"publish","type":"page","link":"https:\/\/www.sintram.co.ma\/?page_id=346","title":{"rendered":"Mot du Pr\u00e9sident"},"content":{"rendered":"<p style=\"text-align: center;\"><img loading=\"lazy\" class=\"wp-image-820 aligncenter\" style=\"border: 1px solid black;\" alt=\"\" src=\"http:\/\/www.sintram.co.ma\/wp-content\/uploads\/2013\/09\/Benhamanem.jpg\" width=\"65\" height=\"45\" \/><\/p>\n<blockquote><p>Depuis 1987,\u00a0 date de sa cr\u00e9ation, SINTRAM s\u2019est engag\u00e9e dans une strat\u00e9gie ambitieuse de d\u00e9veloppement, notre objectif \u00e9tant de maitriser les principales techniques\u00a0 de la construction\u00a0 pour mieux r\u00e9pondre aux besoins de nos clients.<\/p><\/blockquote>\n<p>D\u00e8s lors, nous avons opt\u00e9 pour l\u2019int\u00e9gration progressive de tous les m\u00e9tiers du secteur des travaux publics.<\/p>\n<p>Pour ce faire, trois axes d\u2019investissements majeurs sont toujours de rigueur\u00a0:<\/p>\n<div class=\"arrow_list\"><\/p>\n<ul>\n<li>Une \u00e9quipe forte par ses comp\u00e9tences diversifi\u00e9es et compl\u00e9mentaires, par son harmonie et sa synergie et surtout par sa capacit\u00e9 d\u2019adh\u00e9sion aux d\u00e9cisions strat\u00e9giques con\u00e7ues et arr\u00eat\u00e9es coll\u00e9gialement.<\/li>\n<li>Une plateforme technique de pointe favorisant pleinement les conditions de travail et \u00e0 m\u00eame de relever tous les d\u00e9fis.<\/li>\n<li>Une organisation moderne et innovante visant la ma\u00eetrise de la qualit\u00e9, des co\u00fbts et des d\u00e9lais.<\/li>\n<\/ul>\n<p><\/div>\n<p>SINTRAM d\u00e9marre alors son expansion arm\u00e9e de l\u2019exp\u00e9rience de ses fondateurs, de l\u2019engagement de ses ressources humaines, de la confiance \u00a0de ses clients et de l\u2019ensemble de ses \u00a0partenaires.<\/p>\n<p>Les programmes d\u2019investissements publics en infrastructures \u00e9taient ambitieux et offraient une opportunit\u00e9 historique pour les entreprises du secteur. Notre r\u00e9ponse, \u00e0 travers les importants investissements en ressources humains et mat\u00e9riels r\u00e9alis\u00e9s, fut \u00e0 la mesure des attentes de nos clients. Mais il fallait compter aussi avec la concurrence tr\u00e8s rude des entreprises internationales. Le d\u00e9fi n\u2019en fut que plus grand.<\/p>\n<p>Ainsi, cette strat\u00e9gie volontariste permit \u00e0 Sintram d\u2019acqu\u00e9rir ses lettres de noblesse au Maroc\u00a0 et de commencer, d\u00e8s l\u2019ann\u00e9e 2006, \u00e0 exporter avec succ\u00e8s\u00a0 son savoir faire\u00a0vers les march\u00e9s africains.<\/p>\n<p>Cette accumulation de savoir faire diversifi\u00e9 et l\u2019\u00e9largissement de l\u2019espace g\u00e9ographique de son intervention permet \u00e0 l\u2019entreprise de s\u2019adapter aux cycles des march\u00e9s propres \u00e0 chacun de ses m\u00e9tiers\u00a0: la construction des routes et autoroutes, les ouvrages d\u2019art, les barrages et les am\u00e9nagements urbains.<\/p>\n<p>Mais aussi, il faut souligner, cette r\u00e9ussite repose sur le respect de l\u2019\u00e9thique et de nos valeurs : la passion du m\u00e9tier, le respect de nos engagements, la qualit\u00e9 et l\u2019innovation permanente mise au service des ma\u00eetres d\u2019ouvrages.<\/p>\n<p>Des valeurs qui conf\u00e8rent \u00e0 SINTRAM toute sa force, sa notori\u00e9t\u00e9, la confiance de ses partenaires au Maroc et \u00e0 l\u2019\u00e9tranger, et la positionnent au rang de leader dans son secteur.<\/p>\n<p>Une position que nous nous engageons \u00e0 maintenir par davantage de d\u00e9veloppement durable, au service de nos clients et socialement responsable.<\/p>\n<p>Enfin, en \u00e9ditant cette plaquette \u00e0 l\u2019occasion du 25 \u00e8me anniversaire de Sintram, nous voudrions partager notre fiert\u00e9 avec l\u2019ensemble de nos collaborateurs et remercier vivement nos clients pour nous avoir fait confiance ainsi que tous nos partenaires.<\/p>\n<p>&nbsp;<\/p>\n<p style=\"text-align: left;\"><strong>Le Pr\u00e9sident Directeur G\u00e9n\u00e9ral<\/strong><\/p>\n<p style=\"text-align: left;\"><span style=\"color: #72b626;\"><strong>Haj El Miloud BENHAMMANE<\/strong><\/span><\/p>\n","protected":false},"excerpt":{"rendered":"<p>Depuis 1987,\u00a0 date de sa cr\u00e9ation, SINTRAM s\u2019est engag\u00e9e dans une strat\u00e9gie ambitieuse de d\u00e9veloppement, notre objectif \u00e9tant de maitriser les principales techniques\u00a0 de la construction\u00a0 pour mieux r\u00e9pondre aux besoins de nos clients. D\u00e8s lors, nous avons opt\u00e9 pour l\u2019int\u00e9gration progressive de tous les m\u00e9tiers du secteur des travaux publics. Pour ce faire, trois<\/p>\n","protected":false},"author":1,"featured_media":0,"parent":0,"menu_order":0,"comment_status":"open","ping_status":"open","template":"","meta":[],"_links":{"self":[{"href":"https:\/\/www.sintram.co.ma\/index.php?rest_route=\/wp\/v2\/pages\/346"}],"collection":[{"href":"https:\/\/www.sintram.co.ma\/index.php?rest_route=\/wp\/v2\/pages"}],"about":[{"href":"https:\/\/www.sintram.co.ma\/index.php?rest_route=\/wp\/v2\/types\/page"}],"author":[{"embeddable":true,"href":"https:\/\/www.sintram.co.ma\/index.php?rest_route=\/wp\/v2\/users\/1"}],"replies":[{"embeddable":true,"href":"https:\/\/www.sintram.co.ma\/index.php?rest_route=%2Fwp%2Fv2%2Fcomments&post=346"}],"version-history":[{"count":59,"href":"https:\/\/www.sintram.co.ma\/index.php?rest_route=\/wp\/v2\/pages\/346\/revisions"}],"predecessor-version":[{"id":2661,"href":"https:\/\/www.sintram.co.ma\/index.php?rest_route=\/wp\/v2\/pages\/346\/revisions\/2661"}],"wp:attachment":[{"href":"https:\/\/www.sintram.co.ma\/index.php?rest_route=%2Fwp%2Fv2%2Fmedia&parent=346"}],"curies":[{"name":"wp","href":"https:\/\/api.w.org\/{rel}","templated":true}]}}