{"id":392,"date":"2013-05-31T17:53:01","date_gmt":"2013-05-31T17:53:01","guid":{"rendered":"http:\/\/itnews.ma\/SINTRAM\/?page_id=392"},"modified":"2013-09-01T10:01:54","modified_gmt":"2013-09-01T10:01:54","slug":"amenagements-de-lotissements","status":"publish","type":"page","link":"http:\/\/www.sintram.co.ma\/?page_id=392","title":{"rendered":"Am\u00e9nagements Urbains"},"content":{"rendered":"<div id=\"new-royalslider-8\" class=\"royalSlider new-royalslider-8 rsDefaultInv visibleNearbySimple\" style=\"width:100%; height:300px;\"><div class=\"rsContent\">\n  <img class=\"rsImg\" src=\"http:\/\/www.sintram.co.ma\/wp-content\/uploads\/2013\/06\/dsc0008.png\" alt=\"dsc0008\"\/>\n  \n  \n  \n<\/div><div class=\"rsContent\">\n  <img class=\"rsImg\" src=\"http:\/\/www.sintram.co.ma\/wp-content\/uploads\/2013\/06\/dsc0566.png\" alt=\"dsc0566\"\/>\n  \n  \n  \n<\/div><div class=\"rsContent\">\n  <img class=\"rsImg\" src=\"http:\/\/www.sintram.co.ma\/wp-content\/uploads\/2013\/06\/dsc0567.png\" alt=\"dsc0567\"\/>\n  \n  \n  \n<\/div><div class=\"rsContent\">\n  <img class=\"rsImg\" src=\"http:\/\/www.sintram.co.ma\/wp-content\/uploads\/2013\/06\/dsc0570.png\" alt=\"dsc0570\"\/>\n  \n  \n  \n<\/div><div class=\"rsContent\">\n  <img class=\"rsImg\" src=\"http:\/\/www.sintram.co.ma\/wp-content\/uploads\/2013\/06\/dsc0578.png\" alt=\"dsc0578\"\/>\n  \n  \n  \n<\/div><div class=\"rsContent\">\n  <img class=\"rsImg\" src=\"http:\/\/www.sintram.co.ma\/wp-content\/uploads\/2013\/06\/dsc0604.png\" alt=\"dsc0604\"\/>\n  \n  \n  \n<\/div><div class=\"rsContent\">\n  <img class=\"rsImg\" src=\"http:\/\/www.sintram.co.ma\/wp-content\/uploads\/2013\/06\/dsc1016.png\" alt=\"dsc1016\"\/>\n  \n  \n  \n<\/div><div class=\"rsContent\">\n  <img class=\"rsImg\" src=\"http:\/\/www.sintram.co.ma\/wp-content\/uploads\/2013\/06\/dsc1018.png\" alt=\"dsc1018\"\/>\n  \n  \n  \n<\/div><div class=\"rsContent\">\n  <img class=\"rsImg\" src=\"http:\/\/www.sintram.co.ma\/wp-content\/uploads\/2013\/06\/dsc1026.png\" alt=\"dsc1026\"\/>\n  \n  \n  \n<\/div><div class=\"rsContent\">\n  <img class=\"rsImg\" src=\"http:\/\/www.sintram.co.ma\/wp-content\/uploads\/2013\/06\/dsc1032.png\" alt=\"dsc1032\"\/>\n  \n  \n  \n<\/div><\/div>\n<blockquote>\n<p style=\"text-align: justify;\">Les enjeux urbains ne sont pas n\u00e9gligeables pour nous, Sintram dispose sur ce volet d\u2019une \u00e9quipe pluridisciplinaire pour garantir que nos interventions en mati\u00e8re d\u2019am\u00e9nagement urbain soient adapt\u00e9es aux besoins exprim\u00e9s et apporter r\u00e9ponse concr\u00e8te aux probl\u00e9matiques locales\u00a0: voiries urbaines, lotissement, construction d\u2019\u00e9quipements publics, de b\u00e2timents tertiaires ou d\u2019ouvrages d\u2019art.<\/p>\n<\/blockquote>\n<p style=\"text-align: justify;\">Nous accompagnons les collectivit\u00e9s locales dans le d\u00e9veloppement d\u2019un cadre de vie meilleur et les soutenons dans leur projet de ville.<\/p>\n<p style=\"text-align: justify;\">A notre actif, les projets suivants\u00a0:<\/p>\n<table width=\"390\" border=\"0\" cellspacing=\"0\" cellpadding=\"0\">\n<tbody>\n<tr>\n<td valign=\"top\" width=\"184\">Badiss Houcima<\/td>\n<td valign=\"top\" width=\"206\">Lotissement<\/td>\n<\/tr>\n<tr>\n<td valign=\"top\" width=\"184\">Mohammedia<\/td>\n<td valign=\"top\" width=\"206\">Voiries urbaines<\/td>\n<\/tr>\n<tr>\n<td valign=\"top\" width=\"184\">Fes<\/td>\n<td valign=\"top\" width=\"206\">Voiries urbaines<\/td>\n<\/tr>\n<\/tbody>\n<\/table>\n<p>&nbsp;<\/p>\n","protected":false},"excerpt":{"rendered":"<p>Les enjeux urbains ne sont pas n\u00e9gligeables pour nous, Sintram dispose sur ce volet d\u2019une \u00e9quipe pluridisciplinaire pour garantir que nos interventions en mati\u00e8re d\u2019am\u00e9nagement urbain soient adapt\u00e9es aux besoins exprim\u00e9s et apporter r\u00e9ponse concr\u00e8te aux probl\u00e9matiques locales\u00a0: voiries urbaines, lotissement, construction d\u2019\u00e9quipements publics, de b\u00e2timents tertiaires ou d\u2019ouvrages d\u2019art. Nous accompagnons les collectivit\u00e9s locales<\/p>\n","protected":false},"author":1,"featured_media":0,"parent":0,"menu_order":0,"comment_status":"open","ping_status":"open","template":"","meta":[],"_links":{"self":[{"href":"http:\/\/www.sintram.co.ma\/index.php?rest_route=\/wp\/v2\/pages\/392"}],"collection":[{"href":"http:\/\/www.sintram.co.ma\/index.php?rest_route=\/wp\/v2\/pages"}],"about":[{"href":"http:\/\/www.sintram.co.ma\/index.php?rest_route=\/wp\/v2\/types\/page"}],"author":[{"embeddable":true,"href":"http:\/\/www.sintram.co.ma\/index.php?rest_route=\/wp\/v2\/users\/1"}],"replies":[{"embeddable":true,"href":"http:\/\/www.sintram.co.ma\/index.php?rest_route=%2Fwp%2Fv2%2Fcomments&post=392"}],"version-history":[{"count":9,"href":"http:\/\/www.sintram.co.ma\/index.php?rest_route=\/wp\/v2\/pages\/392\/revisions"}],"predecessor-version":[{"id":2299,"href":"http:\/\/www.sintram.co.ma\/index.php?rest_route=\/wp\/v2\/pages\/392\/revisions\/2299"}],"wp:attachment":[{"href":"http:\/\/www.sintram.co.ma\/index.php?rest_route=%2Fwp%2Fv2%2Fmedia&parent=392"}],"curies":[{"name":"wp","href":"https:\/\/api.w.org\/{rel}","templated":true}]}}