{"id":372,"date":"2013-05-31T17:36:34","date_gmt":"2013-05-31T17:36:34","guid":{"rendered":"http:\/\/itnews.ma\/SINTRAM\/?page_id=372"},"modified":"2013-07-13T17:03:51","modified_gmt":"2013-07-13T17:03:51","slug":"nos-ressources-humaines","status":"publish","type":"page","link":"http:\/\/www.sintram.co.ma\/?page_id=372","title":{"rendered":"Nos Ressources Humaines"},"content":{"rendered":"<div class=\"flexslider\"> <ul class=\"slides\"> <li><img src=\" http:\/\/www.sintram.co.ma\/wp-content\/uploads\/2012\/10\/Equipe-SINTRAM.png\"\/><\/li><li><img src=\"http:\/\/www.sintram.co.ma\/wp-content\/uploads\/2013\/06\/RH2.png\"\/><\/li><li><img src=\"http:\/\/www.sintram.co.ma\/wp-content\/uploads\/2013\/07\/RH20.png\"\/><\/li><\/div> <\/ul> \n<blockquote><p>Dans le secteur des travaux publics, comme dans tous les m\u00e9tiers,\u00a0 la qualit\u00e9 des ressources humaines est synonyme de r\u00e9ussite. Pour SINTRAM, c\u2019est bien plus, elle est l\u2019un des piliers majeurs de son d\u00e9veloppement p\u00e9renne.<\/p><\/blockquote>\n<p>Aussi, SINTRAM a \u00e9labor\u00e9, une politique de d\u00e9veloppement de ses ressources humaines\u00a0 \u00e0 m\u00eame d\u2019accompagner\u00a0 sa strat\u00e9gie de croissance et de relever tous les d\u00e9fis du m\u00e9tier.<\/p>\n<p>Cette politique est bas\u00e9e sur la capitalisation des exp\u00e9riences et le transfert du savoir, la formation continue et le d\u00e9veloppement des comp\u00e9tences, le travail d\u2019\u00e9quipe\u00a0et la responsabilisation de tout un chacun, la s\u00e9curit\u00e9 et la cr\u00e9ation des conditions de travail favorables.<\/p>\n<p>Aujourd\u2019hui, Sintram, apr\u00e8s fusion avec LRN\u00a0, emploie 3221 salari\u00e9s dont 176 ing\u00e9nieurs et cadres.<\/p>\n<p>Les ouvrages que nous avons r\u00e9alis\u00e9s, et d\u2019autres en cours de production, t\u00e9moignent des\u00a0 grandes valeurs de notre \u00e9quipe \u00e0 savoir : la ma\u00eetrise du m\u00e9tier, la pers\u00e9v\u00e9rance, l\u2019esprit de challenge, l\u2019attachement \u00e0 l\u2019entreprise,\u00a0 l\u2019\u00e9coute du client et surtout l\u2019Amour de la Patrie.<\/p>\n<p>Au Maroc, comme partout dans le monde o\u00f9 nous avons l\u2019honneur et le privil\u00e8ge de travailler, nous portons le m\u00eame flambeau et nous v\u00e9hiculons les m\u00eames valeurs. Les valeurs de la r\u00e9ussite, de l\u2019exploit, de la d\u00e9ontologie et du service que nous devons \u00e0 nos clients \u00e0 travers l\u2019\u00e9coute de leurs besoins, la garantie de la qualit\u00e9 et le respect des d\u00e9lais.<\/p>\n","protected":false},"excerpt":{"rendered":"<p>Dans le secteur des travaux publics, comme dans tous les m\u00e9tiers,\u00a0 la qualit\u00e9 des ressources humaines est synonyme de r\u00e9ussite. Pour SINTRAM, c\u2019est bien plus, elle est l\u2019un des piliers majeurs de son d\u00e9veloppement p\u00e9renne. Aussi, SINTRAM a \u00e9labor\u00e9, une politique de d\u00e9veloppement de ses ressources humaines\u00a0 \u00e0 m\u00eame d\u2019accompagner\u00a0 sa strat\u00e9gie de croissance et<\/p>\n","protected":false},"author":1,"featured_media":0,"parent":0,"menu_order":0,"comment_status":"open","ping_status":"open","template":"","meta":[],"_links":{"self":[{"href":"http:\/\/www.sintram.co.ma\/index.php?rest_route=\/wp\/v2\/pages\/372"}],"collection":[{"href":"http:\/\/www.sintram.co.ma\/index.php?rest_route=\/wp\/v2\/pages"}],"about":[{"href":"http:\/\/www.sintram.co.ma\/index.php?rest_route=\/wp\/v2\/types\/page"}],"author":[{"embeddable":true,"href":"http:\/\/www.sintram.co.ma\/index.php?rest_route=\/wp\/v2\/users\/1"}],"replies":[{"embeddable":true,"href":"http:\/\/www.sintram.co.ma\/index.php?rest_route=%2Fwp%2Fv2%2Fcomments&post=372"}],"version-history":[{"count":26,"href":"http:\/\/www.sintram.co.ma\/index.php?rest_route=\/wp\/v2\/pages\/372\/revisions"}],"predecessor-version":[{"id":1998,"href":"http:\/\/www.sintram.co.ma\/index.php?rest_route=\/wp\/v2\/pages\/372\/revisions\/1998"}],"wp:attachment":[{"href":"http:\/\/www.sintram.co.ma\/index.php?rest_route=%2Fwp%2Fv2%2Fmedia&parent=372"}],"curies":[{"name":"wp","href":"https:\/\/api.w.org\/{rel}","templated":true}]}}