{"id":2029,"date":"2013-07-13T23:57:30","date_gmt":"2013-07-13T23:57:30","guid":{"rendered":"http:\/\/www.sintram.co.ma\/?page_id=2029"},"modified":"2013-07-15T12:26:01","modified_gmt":"2013-07-15T12:26:01","slug":"autoroute-chichaoua-imintanout","status":"publish","type":"page","link":"http:\/\/www.sintram.co.ma\/?page_id=2029","title":{"rendered":"Autoroute Chichaoua \u2013 Imintanout"},"content":{"rendered":"<div id=\"new-royalslider-13\" class=\"royalSlider new-royalslider-13 rsDefaultInv rs-gallery-vertical-fade\" style=\"width:100%; height:500;\"><div class=\"rsContent\">\n  <a class=\"rsImg\" href=\"http:\/\/www.sintram.co.ma\/wp-content\/uploads\/2013\/06\/dsc0825.png\">Autoroute Chichaoua \u2013 Imintanout<\/a>\n  <div class=\"rsTmb\"><img src=\"http:\/\/www.sintram.co.ma\/wp-content\/uploads\/2013\/06\/dsc0825-96x72.png\" alt=\"\" \/><\/div>\n  \n  \n<\/div><div class=\"rsContent\">\n  <a class=\"rsImg\" href=\"http:\/\/www.sintram.co.ma\/wp-content\/uploads\/2013\/06\/dsc08122.png\">Autoroute Chichaoua \u2013 Imintanout<\/a>\n  <div class=\"rsTmb\"><img src=\"http:\/\/www.sintram.co.ma\/wp-content\/uploads\/2013\/06\/dsc08122-96x72.png\" alt=\"\" \/><\/div>\n  \n  \n<\/div><div class=\"rsContent\">\n  <a class=\"rsImg\" href=\"http:\/\/www.sintram.co.ma\/wp-content\/uploads\/2013\/06\/dsc08081.png\">Autoroute Chichaoua \u2013 Imintanout<\/a>\n  <div class=\"rsTmb\"><img src=\"http:\/\/www.sintram.co.ma\/wp-content\/uploads\/2013\/06\/dsc08081-96x72.png\" alt=\"\" \/><\/div>\n  \n  \n<\/div><div class=\"rsContent\">\n  <a class=\"rsImg\" href=\"http:\/\/www.sintram.co.ma\/wp-content\/uploads\/2013\/06\/dsc0807.png\">Autoroute Chichaoua \u2013 Imintanout<\/a>\n  <div class=\"rsTmb\"><img src=\"http:\/\/www.sintram.co.ma\/wp-content\/uploads\/2013\/06\/dsc0807-96x72.png\" alt=\"\" \/><\/div>\n  \n  \n<\/div><div class=\"rsContent\">\n  <a class=\"rsImg\" href=\"http:\/\/www.sintram.co.ma\/wp-content\/uploads\/2013\/06\/dsc0801.png\">Autoroute Chichaoua \u2013 Imintanout<\/a>\n  <div class=\"rsTmb\"><img src=\"http:\/\/www.sintram.co.ma\/wp-content\/uploads\/2013\/06\/dsc0801-96x72.png\" alt=\"\" \/><\/div>\n  \n  \n<\/div><div class=\"rsContent\">\n  <a class=\"rsImg\" href=\"http:\/\/www.sintram.co.ma\/wp-content\/uploads\/2013\/06\/dsc07951.png\">Autoroute Chichaoua \u2013 Imintanout<\/a>\n  <div class=\"rsTmb\"><img src=\"http:\/\/www.sintram.co.ma\/wp-content\/uploads\/2013\/06\/dsc07951-96x72.png\" alt=\"\" \/><\/div>\n  \n  \n<\/div><div class=\"rsContent\">\n  <a class=\"rsImg\" href=\"http:\/\/www.sintram.co.ma\/wp-content\/uploads\/2013\/06\/dsc07931.png\">Autoroute Chichaoua \u2013 Imintanout<\/a>\n  <div class=\"rsTmb\"><img src=\"http:\/\/www.sintram.co.ma\/wp-content\/uploads\/2013\/06\/dsc07931-96x72.png\" alt=\"\" \/><\/div>\n  \n  \n<\/div><div class=\"rsContent\">\n  <a class=\"rsImg\" href=\"http:\/\/www.sintram.co.ma\/wp-content\/uploads\/2013\/06\/dsc07911.png\">Autoroute Chichaoua \u2013 Imintanout<\/a>\n  <div class=\"rsTmb\"><img src=\"http:\/\/www.sintram.co.ma\/wp-content\/uploads\/2013\/06\/dsc07911-96x72.png\" alt=\"\" \/><\/div>\n  \n  \n<\/div><div class=\"rsContent\">\n  <a class=\"rsImg\" href=\"http:\/\/www.sintram.co.ma\/wp-content\/uploads\/2013\/06\/dsc07901.png\">Autoroute Chichaoua \u2013 Imintanout<\/a>\n  <div class=\"rsTmb\"><img src=\"http:\/\/www.sintram.co.ma\/wp-content\/uploads\/2013\/06\/dsc07901-96x72.png\" alt=\"\" \/><\/div>\n  \n  \n<\/div><\/div>\n<p style=\"text-align: left;\"><strong>Maitre d\u2019ouvrage :<\/strong>\u00a0Autoroute du Maroc<\/p>\n<p style=\"text-align: left;\"><strong>Objet du march\u00e9 :<\/strong><\/p>\n<p style=\"text-align: left;\"><div class=\"minus_list\"><\/p>\n<ul style=\"text-align: left;\">\n<li>Travaux de construction de l\u2019autoroute Marrakech-Agadir<\/li>\n<li>Section Chichaoua &#8211; Imintanout<\/li>\n<\/ul>\n<p style=\"text-align: left;\"><\/div><\/p>\n<p style=\"text-align: left;\"><strong>Montant du march\u00e9 :<\/strong>\u00a018 041 246,39 euro<\/p>\n<p style=\"text-align: left;\"><strong>D\u00e9lai d\u2019ex\u00e9cution :<\/strong>\u00a018 mois (dix huit mois)<\/p>\n<p style=\"text-align: left;\"><strong>LOT B :\u00a0<\/strong><\/p>\n<p style=\"text-align: left;\"><div class=\"check_list\"><\/p>\n<ul style=\"text-align: left;\">\n<li>D\u00e9gagement des emprises &#8211; Terrassements<\/li>\n<li>Terrassements : d\u00e9blais \u2013 remblais : 1 431 557 m3<\/li>\n<\/ul>\n<p style=\"text-align: left;\"><\/div><\/p>\n<p style=\"text-align: left;\"><strong>\u00a0LOT C :<\/strong>\u00a0Chauss\u00e9e<\/p>\n<p style=\"text-align: left;\"><div class=\"check_list\"><\/p>\n<ul style=\"text-align: left;\">\n<li>Couche de forme : 199 667 m3<\/li>\n<li>Couche de base en GNT 0\/20 : 99 162 m3<\/li>\n<li>Enrob\u00e9s GBB+BB : 163 200 t<\/li>\n<li>Enrob\u00e9 \u00e0 Module Elev\u00e9 EME : 231 500 t<\/li>\n<li>Rev\u00eatement superficiel : 70 800 m2<\/li>\n<\/ul>\n<p style=\"text-align: left;\"><\/div><\/p>\n<div class=\"columns sixteen   \"><div class=\"headline no-margin\"><h3>Autres projets autoroutiers r\u00e9alis\u00e9s sur l&rsquo;axe Settat &#8211; Agadir<\/h3><\/div><div class=\"client-list\"><\/p>\n<ul>\n<li><a title=\"Section Settat \u2013 Oum Rabia\" href=\"http:\/\/www.sintram.co.ma\/?page_id=2000\"><img loading=\"lazy\" title=\"Section Settat \u2013 Oum Rabia\" alt=\"\" src=\"\/wp-content\/uploads\/2013\/07\/dsc0564-187.png\" width=\"187\" height=\"95\" \/><\/a>Settat \u2013 Oum Rabia<\/li>\n<li><a title=\"King\" href=\"http:\/\/www.sintram.co.ma\/?page_id=2016\"><img loading=\"lazy\" title=\"Autoroute Oum Rabia \u2013 Skhour Rhamna\" alt=\"\" src=\"\/wp-content\/uploads\/2013\/07\/dsc0592-187.png\" width=\"187\" height=\"95\" \/><\/a>Oum Rabia \u2013 Skhour Rhamna<\/li>\n<li><a title=\"Hexagon\" href=\"http:\/\/www.sintram.co.ma\/?page_id=2024\"><img loading=\"lazy\" title=\"Autoroute Skhour Rhamna \u2013 Benguerir\" alt=\"\" src=\"\/wp-content\/uploads\/2013\/07\/dsc0734-187.png\" width=\"187\" height=\"95\" \/><\/a>Skhour Rhamna \u2013 Benguerir<\/li>\n<li><a title=\"Echangeur de Benguerir\" href=\"http:\/\/www.sintram.co.ma\/?page_id=2028\"><img loading=\"lazy\" title=\"Echangeur de Benguerir\" alt=\"\" src=\"\/wp-content\/uploads\/2013\/07\/187.png\" width=\"187\" height=\"95\" \/><\/a>Echangeur de Benguerir<\/li>\n<li><a title=\"Social Mates\" href=\"http:\/\/www.sintram.co.ma\/?page_id=2032\"><img loading=\"lazy\" title=\"Autoroute Imintanout \u2013 Argana\" alt=\"\" src=\"\/wp-content\/uploads\/2013\/07\/dsc0373-187.png\" width=\"187\" height=\"95\" \/><\/a>Imintanout \u2013 Argana<\/li>\n<\/ul>\n<p><\/div><\/div>\n","protected":false},"excerpt":{"rendered":"<p>Maitre d\u2019ouvrage :\u00a0Autoroute du Maroc Objet du march\u00e9 : Montant du march\u00e9 :\u00a018 041 246,39 euro D\u00e9lai d\u2019ex\u00e9cution :\u00a018 mois (dix huit mois) LOT B :\u00a0 \u00a0LOT C :\u00a0Chauss\u00e9e<\/p>\n","protected":false},"author":1,"featured_media":0,"parent":0,"menu_order":0,"comment_status":"open","ping_status":"open","template":"","meta":[],"_links":{"self":[{"href":"http:\/\/www.sintram.co.ma\/index.php?rest_route=\/wp\/v2\/pages\/2029"}],"collection":[{"href":"http:\/\/www.sintram.co.ma\/index.php?rest_route=\/wp\/v2\/pages"}],"about":[{"href":"http:\/\/www.sintram.co.ma\/index.php?rest_route=\/wp\/v2\/types\/page"}],"author":[{"embeddable":true,"href":"http:\/\/www.sintram.co.ma\/index.php?rest_route=\/wp\/v2\/users\/1"}],"replies":[{"embeddable":true,"href":"http:\/\/www.sintram.co.ma\/index.php?rest_route=%2Fwp%2Fv2%2Fcomments&post=2029"}],"version-history":[{"count":5,"href":"http:\/\/www.sintram.co.ma\/index.php?rest_route=\/wp\/v2\/pages\/2029\/revisions"}],"predecessor-version":[{"id":2215,"href":"http:\/\/www.sintram.co.ma\/index.php?rest_route=\/wp\/v2\/pages\/2029\/revisions\/2215"}],"wp:attachment":[{"href":"http:\/\/www.sintram.co.ma\/index.php?rest_route=%2Fwp%2Fv2%2Fmedia&parent=2029"}],"curies":[{"name":"wp","href":"https:\/\/api.w.org\/{rel}","templated":true}]}}