{"id":2024,"date":"2013-07-13T23:43:08","date_gmt":"2013-07-13T23:43:08","guid":{"rendered":"http:\/\/www.sintram.co.ma\/?page_id=2024"},"modified":"2013-07-15T12:20:07","modified_gmt":"2013-07-15T12:20:07","slug":"autoroute-skhour-rhamna-benguerir","status":"publish","type":"page","link":"http:\/\/www.sintram.co.ma\/?page_id=2024","title":{"rendered":"Autoroute Skhour Rhamna \u2013 Benguerir"},"content":{"rendered":"<div id=\"new-royalslider-12\" class=\"royalSlider new-royalslider-12 rsDefaultInv rs-gallery-vertical-fade\" style=\"width:100%; height:500;\"><div class=\"rsContent\">\n  <a class=\"rsImg\" href=\"http:\/\/www.sintram.co.ma\/wp-content\/uploads\/2013\/06\/dsc0708.png\">Autoroute Skhour Rhamna \u2013 Benguerir<\/a>\n  <div class=\"rsTmb\"><img src=\"http:\/\/www.sintram.co.ma\/wp-content\/uploads\/2013\/06\/dsc0708-96x72.png\" alt=\"\" \/><\/div>\n  \n  \n<\/div><div class=\"rsContent\">\n  <a class=\"rsImg\" href=\"http:\/\/www.sintram.co.ma\/wp-content\/uploads\/2013\/06\/dsc0704.png\">Autoroute Skhour Rhamna \u2013 Benguerir<\/a>\n  <div class=\"rsTmb\"><img src=\"http:\/\/www.sintram.co.ma\/wp-content\/uploads\/2013\/06\/dsc0704-96x72.png\" alt=\"\" \/><\/div>\n  \n  \n<\/div><div class=\"rsContent\">\n  <a class=\"rsImg\" href=\"http:\/\/www.sintram.co.ma\/wp-content\/uploads\/2013\/06\/dsc0698.png\">Autoroute Skhour Rhamna \u2013 Benguerir<\/a>\n  <div class=\"rsTmb\"><img src=\"http:\/\/www.sintram.co.ma\/wp-content\/uploads\/2013\/06\/dsc0698-96x72.png\" alt=\"\" \/><\/div>\n  \n  \n<\/div><div class=\"rsContent\">\n  <a class=\"rsImg\" href=\"http:\/\/www.sintram.co.ma\/wp-content\/uploads\/2013\/06\/dsc0687.png\">Autoroute Skhour Rhamna \u2013 Benguerir<\/a>\n  <div class=\"rsTmb\"><img src=\"http:\/\/www.sintram.co.ma\/wp-content\/uploads\/2013\/06\/dsc0687-96x72.png\" alt=\"\" \/><\/div>\n  \n  \n<\/div><div class=\"rsContent\">\n  <a class=\"rsImg\" href=\"http:\/\/www.sintram.co.ma\/wp-content\/uploads\/2013\/06\/dsc0678.png\">Autoroute Skhour Rhamna \u2013 Benguerir<\/a>\n  <div class=\"rsTmb\"><img src=\"http:\/\/www.sintram.co.ma\/wp-content\/uploads\/2013\/06\/dsc0678-96x72.png\" alt=\"\" \/><\/div>\n  \n  \n<\/div><div class=\"rsContent\">\n  <a class=\"rsImg\" href=\"http:\/\/www.sintram.co.ma\/wp-content\/uploads\/2013\/06\/dsc0668.png\">Autoroute Skhour Rhamna \u2013 Benguerir<\/a>\n  <div class=\"rsTmb\"><img src=\"http:\/\/www.sintram.co.ma\/wp-content\/uploads\/2013\/06\/dsc0668-96x72.png\" alt=\"\" \/><\/div>\n  \n  \n<\/div><div class=\"rsContent\">\n  <a class=\"rsImg\" href=\"http:\/\/www.sintram.co.ma\/wp-content\/uploads\/2013\/06\/dsc0666.png\">Autoroute Skhour Rhamna \u2013 Benguerir<\/a>\n  <div class=\"rsTmb\"><img src=\"http:\/\/www.sintram.co.ma\/wp-content\/uploads\/2013\/06\/dsc0666-96x72.png\" alt=\"\" \/><\/div>\n  \n  \n<\/div><div class=\"rsContent\">\n  <a class=\"rsImg\" href=\"http:\/\/www.sintram.co.ma\/wp-content\/uploads\/2013\/06\/dsc0664.png\">Autoroute Skhour Rhamna \u2013 Benguerir<\/a>\n  <div class=\"rsTmb\"><img src=\"http:\/\/www.sintram.co.ma\/wp-content\/uploads\/2013\/06\/dsc0664-96x72.png\" alt=\"\" \/><\/div>\n  \n  \n<\/div><div class=\"rsContent\">\n  <a class=\"rsImg\" href=\"http:\/\/www.sintram.co.ma\/wp-content\/uploads\/2013\/06\/dsc0658.png\">Autoroute Skhour Rhamna \u2013 Benguerir<\/a>\n  <div class=\"rsTmb\"><img src=\"http:\/\/www.sintram.co.ma\/wp-content\/uploads\/2013\/06\/dsc0658-96x72.png\" alt=\"\" \/><\/div>\n  \n  \n<\/div><\/div>\n<p>&nbsp;<\/p>\n<p style=\"text-align: left;\"><strong>Maitre d\u2019ouvrage :<\/strong>\u00a0AUTOROUTES DU MAROC<\/p>\n<p style=\"text-align: left;\"><strong>Objet du march\u00e9 :<\/strong><\/p>\n<p style=\"text-align: left;\"><div class=\"check_list\"><\/p>\n<ul style=\"text-align: left;\">\n<li>Travaux de l\u2019autoroute Settat &#8211; Marrakech<\/li>\n<li>Section: Skhour Rhamna &#8211; Benguerir<\/li>\n<\/ul>\n<p style=\"text-align: left;\"><\/div><\/p>\n<p style=\"text-align: left;\"><strong>Montant du march\u00e9 :<\/strong>\u00a060 703 392,22 euro<\/p>\n<p style=\"text-align: left;\"><strong>D\u00e9lai d\u2019ex\u00e9cution :<\/strong>\u00a029 mois (vingt neuf mois)<\/p>\n<p style=\"text-align: left;\"><strong>LOT B : D\u00e9gagement des emprises &#8211; Terrassements \u2013 Assainissement<\/strong><\/p>\n<p style=\"text-align: left;\"><div class=\"check_list\"><\/p>\n<ul style=\"text-align: left;\">\n<li>Terrassements : d\u00e9blais \u2013remblais : 9 017 800 m3<\/li>\n<li>Construction des ouvrages bus\u00e9s en b\u00e9ton arm\u00e9 : 11 050 ml<\/li>\n<li>R\u00e9alisation des foss\u00e9s de tous genres : 80 345 ml<\/li>\n<li>Travaux de drainage, descentes d\u2019eau, bourrelets<\/li>\n<li>Fourreaux de t\u00e9l\u00e9communication : 35 460 ml<\/li>\n<\/ul>\n<p style=\"text-align: left;\"><\/div><\/p>\n<p style=\"text-align: left;\"><strong>LOT C : Chauss\u00e9e<\/strong><\/p>\n<ul>\n<li>Couche de forme : 216 800 m3<\/li>\n<li>Couche de base en GNT 0\/20 : 271 000 m3<\/li>\n<li>Enrob\u00e9s GBB+BB : 235 540 t<\/li>\n<li>Rev\u00eatement superficiel : 172 150 m2<\/li>\n<\/ul>\n<div class=\"columns sixteen   \"><div class=\"headline no-margin\"><h3>Autres projets autoroutiers r\u00e9alis\u00e9s sur l&rsquo;axe Settat &#8211; Agadir<\/h3><\/div><div class=\"client-list\"><\/p>\n<ul>\n<li><a title=\"Section Settat \u2013 Oum Rabia\" href=\"http:\/\/www.sintram.co.ma\/?page_id=2000\"><img loading=\"lazy\" title=\"Section Settat \u2013 Oum Rabia\" alt=\"\" src=\"\/wp-content\/uploads\/2013\/07\/dsc0564-187.png\" width=\"187\" height=\"95\" \/><\/a>Settat \u2013 Oum Rabia<\/li>\n<li><a title=\"King\" href=\"http:\/\/www.sintram.co.ma\/?page_id=2016\"><img loading=\"lazy\" title=\"Autoroute Oum Rabia \u2013 Skhour Rhamna\" alt=\"\" src=\"\/wp-content\/uploads\/2013\/07\/dsc0592-187.png\" width=\"187\" height=\"95\" \/><\/a>Oum Rabia \u2013 Skhour Rhamna<\/li>\n<li><a title=\"Coffee\" href=\"http:\/\/www.sintram.co.ma\/?page_id=2028\"><img loading=\"lazy\" title=\"Echanguer benguerir\" alt=\"\" src=\"\/wp-content\/uploads\/2013\/07\/187.png\" width=\"187\" height=\"95\" \/><\/a>Echanguer benguerir<\/li>\n<li><a title=\"Social Mates\" href=\"http:\/\/www.sintram.co.ma\/?page_id=2029\"><img loading=\"lazy\" title=\"Autoroute Chichaoua \u2013 Imintanout\" alt=\"\" src=\"\/wp-content\/uploads\/2013\/07\/dsc0794-187.png\" width=\"187\" height=\"95\" \/><\/a>Chichaoua \u2013 Imintanout<\/li>\n<li><a title=\"Social Mates\" href=\"http:\/\/www.sintram.co.ma\/?page_id=2032\"><img loading=\"lazy\" title=\"Autoroute Imintanout \u2013 Argana\" alt=\"\" src=\"\/wp-content\/uploads\/2013\/07\/dsc0373-187.png\" width=\"187\" height=\"95\" \/><\/a>\u00a0Imintanout \u2013 Argana<\/li>\n<\/ul>\n<p><\/div><\/div>\n<p>&nbsp;<\/p>\n","protected":false},"excerpt":{"rendered":"<p>&nbsp; Maitre d\u2019ouvrage :\u00a0AUTOROUTES DU MAROC Objet du march\u00e9 : Montant du march\u00e9 :\u00a060 703 392,22 euro D\u00e9lai d\u2019ex\u00e9cution :\u00a029 mois (vingt neuf mois) LOT B : D\u00e9gagement des emprises &#8211; Terrassements \u2013 Assainissement LOT C : Chauss\u00e9e Couche de forme : 216 800 m3 Couche de base en GNT 0\/20 : 271 000 m3<\/p>\n","protected":false},"author":1,"featured_media":0,"parent":0,"menu_order":0,"comment_status":"open","ping_status":"open","template":"","meta":[],"_links":{"self":[{"href":"http:\/\/www.sintram.co.ma\/index.php?rest_route=\/wp\/v2\/pages\/2024"}],"collection":[{"href":"http:\/\/www.sintram.co.ma\/index.php?rest_route=\/wp\/v2\/pages"}],"about":[{"href":"http:\/\/www.sintram.co.ma\/index.php?rest_route=\/wp\/v2\/types\/page"}],"author":[{"embeddable":true,"href":"http:\/\/www.sintram.co.ma\/index.php?rest_route=\/wp\/v2\/users\/1"}],"replies":[{"embeddable":true,"href":"http:\/\/www.sintram.co.ma\/index.php?rest_route=%2Fwp%2Fv2%2Fcomments&post=2024"}],"version-history":[{"count":5,"href":"http:\/\/www.sintram.co.ma\/index.php?rest_route=\/wp\/v2\/pages\/2024\/revisions"}],"predecessor-version":[{"id":2213,"href":"http:\/\/www.sintram.co.ma\/index.php?rest_route=\/wp\/v2\/pages\/2024\/revisions\/2213"}],"wp:attachment":[{"href":"http:\/\/www.sintram.co.ma\/index.php?rest_route=%2Fwp%2Fv2%2Fmedia&parent=2024"}],"curies":[{"name":"wp","href":"https:\/\/api.w.org\/{rel}","templated":true}]}}