{"id":2000,"date":"2013-07-13T22:42:40","date_gmt":"2013-07-13T22:42:40","guid":{"rendered":"http:\/\/www.sintram.co.ma\/?page_id=2000"},"modified":"2013-07-15T12:16:44","modified_gmt":"2013-07-15T12:16:44","slug":"autoroute-settat-oum-rbiaa","status":"publish","type":"page","link":"http:\/\/www.sintram.co.ma\/?page_id=2000","title":{"rendered":"Autoroute Settat \u2013 Oum Rabia"},"content":{"rendered":"<div id=\"new-royalslider-10\" class=\"royalSlider new-royalslider-10 rsDefaultInv rs-gallery-vertical-fade\" style=\"width:100%; height:500;\"><div class=\"rsContent\">\n  <a class=\"rsImg\" href=\"http:\/\/www.sintram.co.ma\/wp-content\/uploads\/2013\/06\/dsc0564.png\">Settat \u2013 Oued Oum Rabiaa<\/a>\n  <div class=\"rsTmb\"><img src=\"http:\/\/www.sintram.co.ma\/wp-content\/uploads\/2013\/06\/dsc0564-96x72.png\" alt=\"\" \/><\/div>\n  \n  \n<\/div><div class=\"rsContent\">\n  <a class=\"rsImg\" href=\"http:\/\/www.sintram.co.ma\/wp-content\/uploads\/2013\/07\/dsc0583-2.png\">dsc0583-2<\/a>\n  <div class=\"rsTmb\"><img src=\"http:\/\/www.sintram.co.ma\/wp-content\/uploads\/2013\/07\/dsc0583-2-96x72.png\" alt=\"\" \/><\/div>\n  \n  \n<\/div><div class=\"rsContent\">\n  <a class=\"rsImg\" href=\"http:\/\/www.sintram.co.ma\/wp-content\/uploads\/2013\/07\/dsc0553-2.png\">dsc0553-2<\/a>\n  <div class=\"rsTmb\"><img src=\"http:\/\/www.sintram.co.ma\/wp-content\/uploads\/2013\/07\/dsc0553-2-96x72.png\" alt=\"\" \/><\/div>\n  \n  \n<\/div><div class=\"rsContent\">\n  <a class=\"rsImg\" href=\"http:\/\/www.sintram.co.ma\/wp-content\/uploads\/2013\/07\/dsc0568.png\">dsc0568<\/a>\n  <div class=\"rsTmb\"><img src=\"http:\/\/www.sintram.co.ma\/wp-content\/uploads\/2013\/07\/dsc0568-96x72.png\" alt=\"\" \/><\/div>\n  \n  \n<\/div><div class=\"rsContent\">\n  <a class=\"rsImg\" href=\"http:\/\/www.sintram.co.ma\/wp-content\/uploads\/2013\/07\/dsc0575-2.png\">dsc0575-2<\/a>\n  <div class=\"rsTmb\"><img src=\"http:\/\/www.sintram.co.ma\/wp-content\/uploads\/2013\/07\/dsc0575-2-96x72.png\" alt=\"\" \/><\/div>\n  \n  \n<\/div><div class=\"rsContent\">\n  <a class=\"rsImg\" href=\"http:\/\/www.sintram.co.ma\/wp-content\/uploads\/2013\/07\/dsc0548-3.png\">dsc0548-3<\/a>\n  <div class=\"rsTmb\"><img src=\"http:\/\/www.sintram.co.ma\/wp-content\/uploads\/2013\/07\/dsc0548-3-96x72.png\" alt=\"\" \/><\/div>\n  \n  \n<\/div><div class=\"rsContent\">\n  <a class=\"rsImg\" href=\"http:\/\/www.sintram.co.ma\/wp-content\/uploads\/2013\/07\/dsc0577-2.png\">dsc0577-2<\/a>\n  <div class=\"rsTmb\"><img src=\"http:\/\/www.sintram.co.ma\/wp-content\/uploads\/2013\/07\/dsc0577-2-96x72.png\" alt=\"\" \/><\/div>\n  \n  \n<\/div><div class=\"rsContent\">\n  <a class=\"rsImg\" href=\"http:\/\/www.sintram.co.ma\/wp-content\/uploads\/2013\/07\/dsc0601-2.png\">dsc0601-2<\/a>\n  <div class=\"rsTmb\"><img src=\"http:\/\/www.sintram.co.ma\/wp-content\/uploads\/2013\/07\/dsc0601-2-96x72.png\" alt=\"\" \/><\/div>\n  \n  \n<\/div><div class=\"rsContent\">\n  <a class=\"rsImg\" href=\"http:\/\/www.sintram.co.ma\/wp-content\/uploads\/2013\/07\/dsc0554-3.png\">dsc0554-3<\/a>\n  <div class=\"rsTmb\"><img src=\"http:\/\/www.sintram.co.ma\/wp-content\/uploads\/2013\/07\/dsc0554-3-96x72.png\" alt=\"\" \/><\/div>\n  \n  \n<\/div><div class=\"rsContent\">\n  <a class=\"rsImg\" href=\"http:\/\/www.sintram.co.ma\/wp-content\/uploads\/2013\/07\/dsc0613-2.png\">dsc0613-2<\/a>\n  <div class=\"rsTmb\"><img src=\"http:\/\/www.sintram.co.ma\/wp-content\/uploads\/2013\/07\/dsc0613-2-96x72.png\" alt=\"\" \/><\/div>\n  \n  \n<\/div><div class=\"rsContent\">\n  <a class=\"rsImg\" href=\"http:\/\/www.sintram.co.ma\/wp-content\/uploads\/2013\/06\/dsc0560.png\">Settat \u2013 Oued Oum Rabiaa<\/a>\n  <div class=\"rsTmb\"><img src=\"http:\/\/www.sintram.co.ma\/wp-content\/uploads\/2013\/06\/dsc0560-96x72.png\" alt=\"\" \/><\/div>\n  \n  \n<\/div><\/div>\n<p style=\"text-align: left;\"><strong>Maitre d\u2019ouvrage :<\/strong> AUTOROUTES DU MAROC<\/p>\n<p style=\"text-align: left;\"><strong>Objet du march\u00e9 :<\/strong><\/p>\n<p style=\"text-align: left;\"><div class=\"cross_list\"><\/p>\n<ul style=\"text-align: left;\">\n<li>Travaux de l\u2019autoroute Settat &#8211; Marrakech<\/li>\n<li>Section Settat \u2013 Oum Rabia<\/li>\n<\/ul>\n<p style=\"text-align: left;\"><\/div><\/p>\n<p style=\"text-align: left;\">Construction de chauss\u00e9e en GNT et enrob\u00e9s (GBB+BB) sur 21 km<\/p>\n<p style=\"text-align: left;\">D\u00e9lai d\u2019ex\u00e9cution: 25 jours (vingt-cinq jours)<\/p>\n<p style=\"text-align: left;\">Ach\u00e8vement des travaux de chauss\u00e9e abandonn\u00e9s par une grande soci\u00e9t\u00e9 \u00e9trang\u00e8re<\/p>\n<p style=\"text-align: left;\"><div class=\"minus_list\"><\/p>\n<ul style=\"text-align: left;\">\n<li>GNT : 65 000 m2<\/li>\n<li>GBB+BB : 120 000 t<\/li>\n<li>Rendement enrob\u00e9s: 8 000 t\/j pendant 15 jours<\/li>\n<\/ul>\n<p style=\"text-align: left;\"><\/div><\/p>\n<div class=\"columns sixteen   \"><div class=\"headline no-margin\"><h3>Autres projets autoroutiers r\u00e9alis\u00e9s sur l&rsquo;axe Settat &#8211; Agadir<\/h3><\/div><div class=\"client-list\"><\/p>\n<ul>\n<li><a title=\"King\" href=\"http:\/\/www.sintram.co.ma\/?page_id=2016\"><img loading=\"lazy\" title=\"Autoroute Oum Rabia \u2013 Skhour Rhamna\" alt=\"\" src=\"\/wp-content\/uploads\/2013\/07\/dsc0592-187.png\" width=\"187\" height=\"95\" \/><\/a>Oum Rabia \u2013 Skhour Rhamna<\/li>\n<li><a title=\"Hexagon\" href=\"http:\/\/www.sintram.co.ma\/?page_id=2024\"><img loading=\"lazy\" title=\"Autoroute Skhour Rhamna \u2013 Benguerir\" alt=\"\" src=\"\/wp-content\/uploads\/2013\/07\/dsc0734-187.png\" width=\"187\" height=\"95\" \/><\/a>Skhour Rhamna \u2013 Benguerir<\/li>\n<li><a title=\"Echangeur de Benguerir\" href=\"http:\/\/www.sintram.co.ma\/?page_id=2028\"><img loading=\"lazy\" title=\"Echangeur de Benguerir\" alt=\"\" src=\"\/wp-content\/uploads\/2013\/07\/187.png\" width=\"187\" height=\"95\" \/><\/a>Echangeur de Benguerir<\/li>\n<li><a title=\"Social Mates\" href=\"http:\/\/www.sintram.co.ma\/?page_id=2029\"><img loading=\"lazy\" title=\"Autoroute Chichaoua \u2013 Imintanout\" alt=\"\" src=\"\/wp-content\/uploads\/2013\/07\/dsc0794-187.png\" width=\"187\" height=\"95\" \/><\/a>Chichaoua \u2013 Imintanout<\/li>\n<li><a title=\"Social Mates\" href=\"http:\/\/www.sintram.co.ma\/?page_id=2032\"><img loading=\"lazy\" title=\"Autoroute Imintanout \u2013 Argana\" alt=\"\" src=\"\/wp-content\/uploads\/2013\/07\/dsc0373-187.png\" width=\"187\" height=\"95\" \/><\/a>Imintanout \u2013 Argana<\/li>\n<\/ul>\n<p><\/div><\/div>\n","protected":false},"excerpt":{"rendered":"<p>Maitre d\u2019ouvrage : AUTOROUTES DU MAROC Objet du march\u00e9 : Construction de chauss\u00e9e en GNT et enrob\u00e9s (GBB+BB) sur 21 km D\u00e9lai d\u2019ex\u00e9cution: 25 jours (vingt-cinq jours) Ach\u00e8vement des travaux de chauss\u00e9e abandonn\u00e9s par une grande soci\u00e9t\u00e9 \u00e9trang\u00e8re<\/p>\n","protected":false},"author":1,"featured_media":0,"parent":0,"menu_order":0,"comment_status":"open","ping_status":"open","template":"","meta":[],"_links":{"self":[{"href":"http:\/\/www.sintram.co.ma\/index.php?rest_route=\/wp\/v2\/pages\/2000"}],"collection":[{"href":"http:\/\/www.sintram.co.ma\/index.php?rest_route=\/wp\/v2\/pages"}],"about":[{"href":"http:\/\/www.sintram.co.ma\/index.php?rest_route=\/wp\/v2\/types\/page"}],"author":[{"embeddable":true,"href":"http:\/\/www.sintram.co.ma\/index.php?rest_route=\/wp\/v2\/users\/1"}],"replies":[{"embeddable":true,"href":"http:\/\/www.sintram.co.ma\/index.php?rest_route=%2Fwp%2Fv2%2Fcomments&post=2000"}],"version-history":[{"count":15,"href":"http:\/\/www.sintram.co.ma\/index.php?rest_route=\/wp\/v2\/pages\/2000\/revisions"}],"predecessor-version":[{"id":2211,"href":"http:\/\/www.sintram.co.ma\/index.php?rest_route=\/wp\/v2\/pages\/2000\/revisions\/2211"}],"wp:attachment":[{"href":"http:\/\/www.sintram.co.ma\/index.php?rest_route=%2Fwp%2Fv2%2Fmedia&parent=2000"}],"curies":[{"name":"wp","href":"https:\/\/api.w.org\/{rel}","templated":true}]}}